{"id":360,"date":"2015-01-13T11:05:51","date_gmt":"2015-01-13T11:05:51","guid":{"rendered":"http:\/\/www.oleasoul.com\/?page_id=360"},"modified":"2015-11-12T15:49:09","modified_gmt":"2015-11-12T15:49:09","slug":"politica-de-privacidad","status":"publish","type":"page","link":"https:\/\/www.oleasoul.com\/es\/politica-de-privacidad\/","title":{"rendered":"Pol\u00edtica de privacidad"},"content":{"rendered":"<h2>Confidencialidad y protecci\u00f3n de datos<\/h2>\n<p>En cumplimiento de la Ley Org\u00e1nica 15\/1999 de 13 de diciembre, de Protecci\u00f3n de Datos de Car\u00e1cter Personal (LOPD), OLEA SOUL les comunica que los datos de car\u00e1cter personal, facilitados de forma voluntaria a trav\u00e9s de nuestra web, ser\u00e1n incorporados a nuestra base de datos informatizada. Asimismo, nos comprometemos a respetar su confidencialidad y a no ceder sus datos a otra empresa u organizaci\u00f3n.<\/p>\n<p>Los clientes, usuarios y visitantes pueden ejercer en cualquier momento los derechos de modificar, cancelar o suprimir los datos de nuestros archivos informatizados enviando un correo electr\u00f3nico a info@oleasoul.com.<\/p>\n<p>Asimismo, nos comprometemos a no ceder sus datos a otra empresa u organizaci\u00f3n.<\/p>\n<p>Al aceptar la pol\u00edtica de privacidad de OLEA SOUL da su consentimiento para el almacenamiento y tratamiento de sus datos con las finalidades expuestas en el siguiente apartado.<\/p>\n<h2>Finalidad del uso de los datos<\/h2>\n<p>La recogida de datos por parte de OLEA SOUL tiene el objetivo exclusivo de:<\/p>\n<ul>\n<li>Informar sobre los servicios que ofrece OLEA SOUL.<\/li>\n<li>Tramitar las reservas realizadas.<\/li>\n<li>Dar respuesta a las peticiones que los usuarios realicen a trav\u00e9s del formulario de contacto o mediante correo electr\u00f3nico.<\/li>\n<li>Contactar con el usuario en caso de necesidad.<\/li>\n<\/ul>\n<p>OLEA SOUL se compromete a no usarlas para ninguna otra finalidad.<\/p>\n","protected":false},"excerpt":{"rendered":"<p>Confidencialidad y protecci\u00f3n de datos En cumplimiento de la Ley Org\u00e1nica 15\/1999 de 13 de diciembre, de Protecci\u00f3n de Datos de Car\u00e1cter Personal (LOPD), OLEA SOUL les comunica que los datos de car\u00e1cter personal, facilitados de forma voluntaria a trav\u00e9s de nuestra web, ser\u00e1n incorporados a nuestra base de datos informatizada. Asimismo, nos comprometemos a <span>[<\/span><a class=\"read-more\" href=\"https:\/\/www.oleasoul.com\/es\/politica-de-privacidad\/\">Leer m\u00e1s<\/a><span>]<\/span><\/p>\n","protected":false},"author":3,"featured_media":0,"parent":0,"menu_order":0,"comment_status":"open","ping_status":"open","template":"","meta":[],"aioseo_notices":[],"_links":{"self":[{"href":"https:\/\/www.oleasoul.com\/es\/wp-json\/wp\/v2\/pages\/360"}],"collection":[{"href":"https:\/\/www.oleasoul.com\/es\/wp-json\/wp\/v2\/pages"}],"about":[{"href":"https:\/\/www.oleasoul.com\/es\/wp-json\/wp\/v2\/types\/page"}],"author":[{"embeddable":true,"href":"https:\/\/www.oleasoul.com\/es\/wp-json\/wp\/v2\/users\/3"}],"replies":[{"embeddable":true,"href":"https:\/\/www.oleasoul.com\/es\/wp-json\/wp\/v2\/comments?post=360"}],"version-history":[{"count":4,"href":"https:\/\/www.oleasoul.com\/es\/wp-json\/wp\/v2\/pages\/360\/revisions"}],"predecessor-version":[{"id":728,"href":"https:\/\/www.oleasoul.com\/es\/wp-json\/wp\/v2\/pages\/360\/revisions\/728"}],"wp:attachment":[{"href":"https:\/\/www.oleasoul.com\/es\/wp-json\/wp\/v2\/media?parent=360"}],"curies":[{"name":"wp","href":"https:\/\/api.w.org\/{rel}","templated":true}]}}