{"id":339,"date":"2015-01-13T10:33:38","date_gmt":"2015-01-13T10:33:38","guid":{"rendered":"http:\/\/www.oleasoul.com\/?page_id=339"},"modified":"2015-06-22T11:38:05","modified_gmt":"2015-06-22T11:38:05","slug":"inicio","status":"publish","type":"page","link":"https:\/\/www.oleasoul.com\/es\/","title":{"rendered":"Inicio"},"content":{"rendered":"<h3>Qu\u00e9 es Olea Soul<\/h3>\n<p><em>Olea Soul, agencia de viajes receptiva, nace en un peque\u00f1o pueblo de doscientos habitantes<\/em><\/p>\n<p><a title=\"Qu\u00e9 es Olea Soul\" href=\"https:\/\/www.oleasoul.com\/es\/que-es-olea-soul\/\">M\u00e1s informaci\u00f3n<\/a><\/p>\n","protected":false},"excerpt":{"rendered":"<p>Qu\u00e9 es Olea Soul Olea Soul, agencia de viajes receptiva, nace en un peque\u00f1o pueblo de doscientos habitantes M\u00e1s informaci\u00f3n<\/p>\n","protected":false},"author":3,"featured_media":0,"parent":0,"menu_order":0,"comment_status":"open","ping_status":"open","template":"page-templates\/home.php","meta":[],"aioseo_notices":[],"_links":{"self":[{"href":"https:\/\/www.oleasoul.com\/es\/wp-json\/wp\/v2\/pages\/339"}],"collection":[{"href":"https:\/\/www.oleasoul.com\/es\/wp-json\/wp\/v2\/pages"}],"about":[{"href":"https:\/\/www.oleasoul.com\/es\/wp-json\/wp\/v2\/types\/page"}],"author":[{"embeddable":true,"href":"https:\/\/www.oleasoul.com\/es\/wp-json\/wp\/v2\/users\/3"}],"replies":[{"embeddable":true,"href":"https:\/\/www.oleasoul.com\/es\/wp-json\/wp\/v2\/comments?post=339"}],"version-history":[{"count":12,"href":"https:\/\/www.oleasoul.com\/es\/wp-json\/wp\/v2\/pages\/339\/revisions"}],"predecessor-version":[{"id":706,"href":"https:\/\/www.oleasoul.com\/es\/wp-json\/wp\/v2\/pages\/339\/revisions\/706"}],"wp:attachment":[{"href":"https:\/\/www.oleasoul.com\/es\/wp-json\/wp\/v2\/media?parent=339"}],"curies":[{"name":"wp","href":"https:\/\/api.w.org\/{rel}","templated":true}]}}