{"id":328,"date":"2015-01-13T08:53:24","date_gmt":"2015-01-13T08:53:24","guid":{"rendered":"http:\/\/www.oleasoul.com\/?page_id=328"},"modified":"2019-07-14T13:30:33","modified_gmt":"2019-07-14T13:30:33","slug":"contacto","status":"publish","type":"page","link":"https:\/\/www.oleasoul.com\/es\/contacto\/","title":{"rendered":"Contacto"},"content":{"rendered":"<p>Olea Soul es una agencia de viajes online registrada<\/p>\n<p>N\u00famero de licencia GC: 2708<\/p>\n<p>Lleida-Catalu\u00f1a-Espa\u00f1a<\/p>\n<p>M\u00e1ndanos un correo a <a href=\"mailto:info@oleasoul.com\">info@oleasoul.com<\/a><\/p>\n<p>Telf\/Whatsapp: 616 23 23 25<\/p>\n<p>Skype: oleasoul<\/p>\n<p>Trabajamos de lunes a domingo<\/p>\n","protected":false},"excerpt":{"rendered":"<p>Olea Soul es una agencia de viajes online registrada N\u00famero de licencia GC: 2708 Lleida-Catalu\u00f1a-Espa\u00f1a M\u00e1ndanos un correo a info@oleasoul.com Telf\/Whatsapp: 616 23 23 25 Skype: oleasoul Trabajamos de lunes a domingo<\/p>\n","protected":false},"author":3,"featured_media":0,"parent":0,"menu_order":0,"comment_status":"open","ping_status":"closed","template":"page-templates\/contact.php","meta":[],"aioseo_notices":[],"_links":{"self":[{"href":"https:\/\/www.oleasoul.com\/es\/wp-json\/wp\/v2\/pages\/328"}],"collection":[{"href":"https:\/\/www.oleasoul.com\/es\/wp-json\/wp\/v2\/pages"}],"about":[{"href":"https:\/\/www.oleasoul.com\/es\/wp-json\/wp\/v2\/types\/page"}],"author":[{"embeddable":true,"href":"https:\/\/www.oleasoul.com\/es\/wp-json\/wp\/v2\/users\/3"}],"replies":[{"embeddable":true,"href":"https:\/\/www.oleasoul.com\/es\/wp-json\/wp\/v2\/comments?post=328"}],"version-history":[{"count":4,"href":"https:\/\/www.oleasoul.com\/es\/wp-json\/wp\/v2\/pages\/328\/revisions"}],"predecessor-version":[{"id":1627,"href":"https:\/\/www.oleasoul.com\/es\/wp-json\/wp\/v2\/pages\/328\/revisions\/1627"}],"wp:attachment":[{"href":"https:\/\/www.oleasoul.com\/es\/wp-json\/wp\/v2\/media?parent=328"}],"curies":[{"name":"wp","href":"https:\/\/api.w.org\/{rel}","templated":true}]}}